{"id":145,"date":"2022-01-13T11:26:31","date_gmt":"2022-01-13T10:26:31","guid":{"rendered":"http:\/\/freebirdcabaretburlesque.com\/?page_id=145"},"modified":"2024-07-03T13:49:41","modified_gmt":"2024-07-03T11:49:41","slug":"latika","status":"publish","type":"page","link":"https:\/\/freebirdcabaretburlesque.com\/index.php\/les-artistes\/latika\/","title":{"rendered":"Latika"},"content":{"rendered":"\t\t<div data-elementor-type=\"wp-page\" data-elementor-id=\"145\" class=\"elementor elementor-145\" data-elementor-post-type=\"page\">\n\t\t\t\t\t\t<section class=\"elementor-section elementor-top-section elementor-element elementor-element-906d444 elementor-section-full_width elementor-section-height-min-height elementor-section-items-top elementor-section-content-top elementor-section-stretched elementor-section-height-default\" data-id=\"906d444\" data-element_type=\"section\" data-e-type=\"section\" data-settings=\"{&quot;stretch_section&quot;:&quot;section-stretched&quot;,&quot;background_background&quot;:&quot;slideshow&quot;,&quot;background_slideshow_gallery&quot;:[{&quot;id&quot;:3994,&quot;url&quot;:&quot;https:\\\/\\\/freebirdcabaretburlesque.com\\\/wp-content\\\/uploads\\\/2023\\\/04\\\/AlainScherer_FreeBird_20220625_352-scaled.webp&quot;},{&quot;id&quot;:4914,&quot;url&quot;:&quot;https:\\\/\\\/freebirdcabaretburlesque.com\\\/wp-content\\\/uploads\\\/2024\\\/07\\\/AlainScherer_FreeBird_20220625_150_web.jpg&quot;},{&quot;id&quot;:4913,&quot;url&quot;:&quot;https:\\\/\\\/freebirdcabaretburlesque.com\\\/wp-content\\\/uploads\\\/2024\\\/07\\\/AlainScherer_FreeBird_20220625_320_web.jpg&quot;}],&quot;background_slideshow_slide_duration&quot;:10000,&quot;background_slideshow_ken_burns&quot;:&quot;yes&quot;,&quot;background_slideshow_loop&quot;:&quot;yes&quot;,&quot;background_slideshow_slide_transition&quot;:&quot;fade&quot;,&quot;background_slideshow_transition_duration&quot;:500,&quot;background_slideshow_ken_burns_zoom_direction&quot;:&quot;in&quot;}\">\n\t\t\t\t\t\t\t<div class=\"elementor-background-overlay\"><\/div>\n\t\t\t\t\t\t\t<div class=\"elementor-container elementor-column-gap-default\">\n\t\t\t\t\t<div class=\"elementor-column elementor-col-50 elementor-top-column elementor-element elementor-element-7f4fc4d\" data-id=\"7f4fc4d\" data-element_type=\"column\" data-e-type=\"column\">\n\t\t\t<div class=\"elementor-widget-wrap\">\n\t\t\t\t\t\t\t<\/div>\n\t\t<\/div>\n\t\t\t\t<div class=\"elementor-column elementor-col-50 elementor-top-column elementor-element elementor-element-cbb7711\" data-id=\"cbb7711\" data-element_type=\"column\" data-e-type=\"column\">\n\t\t\t<div class=\"elementor-widget-wrap elementor-element-populated\">\n\t\t\t\t\t\t<div class=\"elementor-element elementor-element-db8540b elementor-widget elementor-widget-heading\" data-id=\"db8540b\" data-element_type=\"widget\" data-e-type=\"widget\" data-widget_type=\"heading.default\">\n\t\t\t\t<div class=\"elementor-widget-container\">\n\t\t\t\t\t<h3 class=\"elementor-heading-title elementor-size-default\">Latika<\/h3>\t\t\t\t<\/div>\n\t\t\t\t<\/div>\n\t\t\t\t<div class=\"elementor-element elementor-element-9550029 elementor-widget elementor-widget-text-editor\" data-id=\"9550029\" data-element_type=\"widget\" data-e-type=\"widget\" data-widget_type=\"text-editor.default\">\n\t\t\t\t<div class=\"elementor-widget-container\">\n\t\t\t\t\t\t\t\t\t<p><strong>Latika<\/strong> est danseuse de cabaret depuis ses 18 ans. Elle a toujours travaill\u00e9 dans des revues de cabaret, notamment le cabaret de S\u00e8te.\u00a0<\/p><p>Chor\u00e9graphe et professeur de danse, elle apporte plus de 20 ans d\u2019exp\u00e9rience et de charme au cabaret.<\/p><p>Passionn\u00e9e par le style Afro Jazz, inspir\u00e9 de la danse africaine, <strong>Latika<\/strong> apporte \u00e0 ses cr\u00e9ations une \u00e9nergie explosive et une joie solaire.<\/p><p>Retrouvez\u00a0<strong>Latika<\/strong>\u00a0sur les r\u00e9seaux sociaux :<\/p>\t\t\t\t\t\t\t\t<\/div>\n\t\t\t\t<\/div>\n\t\t\t\t<div class=\"elementor-element elementor-element-5b51362 e-grid-align-left elementor-shape-rounded elementor-grid-0 elementor-widget elementor-widget-social-icons\" data-id=\"5b51362\" data-element_type=\"widget\" data-e-type=\"widget\" data-widget_type=\"social-icons.default\">\n\t\t\t\t<div class=\"elementor-widget-container\">\n\t\t\t\t\t\t\t<div class=\"elementor-social-icons-wrapper elementor-grid\" role=\"list\">\n\t\t\t\t\t\t\t<span class=\"elementor-grid-item\" role=\"listitem\">\n\t\t\t\t\t<a class=\"elementor-icon elementor-social-icon elementor-social-icon-facebook elementor-animation-pulse-grow elementor-repeater-item-0e54278\" href=\"https:\/\/www.facebook.com\/MBLatikaChipie\" target=\"_blank\">\n\t\t\t\t\t\t<span class=\"elementor-screen-only\">Facebook<\/span>\n\t\t\t\t\t\t<svg aria-hidden=\"true\" class=\"e-font-icon-svg e-fab-facebook\" viewBox=\"0 0 512 512\" xmlns=\"http:\/\/www.w3.org\/2000\/svg\"><path d=\"M504 256C504 119 393 8 256 8S8 119 8 256c0 123.78 90.69 226.38 209.25 245V327.69h-63V256h63v-54.64c0-62.15 37-96.48 93.67-96.48 27.14 0 55.52 4.84 55.52 4.84v61h-31.28c-30.8 0-40.41 19.12-40.41 38.73V256h68.78l-11 71.69h-57.78V501C413.31 482.38 504 379.78 504 256z\"><\/path><\/svg>\t\t\t\t\t<\/a>\n\t\t\t\t<\/span>\n\t\t\t\t\t\t\t<span class=\"elementor-grid-item\" role=\"listitem\">\n\t\t\t\t\t<a class=\"elementor-icon elementor-social-icon elementor-social-icon-instagram elementor-animation-pulse-grow elementor-repeater-item-92e5a57\" href=\"https:\/\/www.instagram.com\/latikadanse\/?hl=fr\" target=\"_blank\">\n\t\t\t\t\t\t<span class=\"elementor-screen-only\">Instagram<\/span>\n\t\t\t\t\t\t<svg aria-hidden=\"true\" class=\"e-font-icon-svg e-fab-instagram\" viewBox=\"0 0 448 512\" xmlns=\"http:\/\/www.w3.org\/2000\/svg\"><path d=\"M224.1 141c-63.6 0-114.9 51.3-114.9 114.9s51.3 114.9 114.9 114.9S339 319.5 339 255.9 287.7 141 224.1 141zm0 189.6c-41.1 0-74.7-33.5-74.7-74.7s33.5-74.7 74.7-74.7 74.7 33.5 74.7 74.7-33.6 74.7-74.7 74.7zm146.4-194.3c0 14.9-12 26.8-26.8 26.8-14.9 0-26.8-12-26.8-26.8s12-26.8 26.8-26.8 26.8 12 26.8 26.8zm76.1 27.2c-1.7-35.9-9.9-67.7-36.2-93.9-26.2-26.2-58-34.4-93.9-36.2-37-2.1-147.9-2.1-184.9 0-35.8 1.7-67.6 9.9-93.9 36.1s-34.4 58-36.2 93.9c-2.1 37-2.1 147.9 0 184.9 1.7 35.9 9.9 67.7 36.2 93.9s58 34.4 93.9 36.2c37 2.1 147.9 2.1 184.9 0 35.9-1.7 67.7-9.9 93.9-36.2 26.2-26.2 34.4-58 36.2-93.9 2.1-37 2.1-147.8 0-184.8zM398.8 388c-7.8 19.6-22.9 34.7-42.6 42.6-29.5 11.7-99.5 9-132.1 9s-102.7 2.6-132.1-9c-19.6-7.8-34.7-22.9-42.6-42.6-11.7-29.5-9-99.5-9-132.1s-2.6-102.7 9-132.1c7.8-19.6 22.9-34.7 42.6-42.6 29.5-11.7 99.5-9 132.1-9s102.7-2.6 132.1 9c19.6 7.8 34.7 22.9 42.6 42.6 11.7 29.5 9 99.5 9 132.1s2.7 102.7-9 132.1z\"><\/path><\/svg>\t\t\t\t\t<\/a>\n\t\t\t\t<\/span>\n\t\t\t\t\t<\/div>\n\t\t\t\t\t\t<\/div>\n\t\t\t\t<\/div>\n\t\t\t\t\t<\/div>\n\t\t<\/div>\n\t\t\t\t\t<\/div>\n\t\t<\/section>\n\t\t\t\t<section class=\"elementor-section elementor-top-section elementor-element elementor-element-1dc3008 elementor-section-full_width elementor-section-height-min-height elementor-section-items-top elementor-section-content-top elementor-section-stretched elementor-section-height-default\" data-id=\"1dc3008\" data-element_type=\"section\" data-e-type=\"section\" data-settings=\"{&quot;stretch_section&quot;:&quot;section-stretched&quot;}\">\n\t\t\t\t\t\t<div class=\"elementor-container elementor-column-gap-default\">\n\t\t\t\t\t<div class=\"elementor-column elementor-col-100 elementor-top-column elementor-element elementor-element-1e5f51c\" data-id=\"1e5f51c\" data-element_type=\"column\" data-e-type=\"column\">\n\t\t\t<div class=\"elementor-widget-wrap elementor-element-populated\">\n\t\t\t\t\t\t<div class=\"elementor-element elementor-element-c556a87 elementor-widget elementor-widget-video\" data-id=\"c556a87\" data-element_type=\"widget\" data-e-type=\"widget\" data-settings=\"{&quot;youtube_url&quot;:&quot;https:\\\/\\\/www.youtube.com\\\/watch?v=Z0-nTZQ8gDk&quot;,&quot;video_type&quot;:&quot;youtube&quot;,&quot;controls&quot;:&quot;yes&quot;}\" data-widget_type=\"video.default\">\n\t\t\t\t<div class=\"elementor-widget-container\">\n\t\t\t\t\t\t\t<div class=\"elementor-wrapper elementor-open-inline\">\n\t\t\t<div class=\"elementor-video\"><\/div>\t\t<\/div>\n\t\t\t\t\t\t<\/div>\n\t\t\t\t<\/div>\n\t\t\t\t\t<\/div>\n\t\t<\/div>\n\t\t\t\t\t<\/div>\n\t\t<\/section>\n\t\t\t\t<\/div>\n\t\t","protected":false},"excerpt":{"rendered":"<p>Latika Latika est danseuse de cabaret depuis ses 18 ans. Elle a toujours travaill\u00e9 dans des revues de cabaret, notamment le cabaret de S\u00e8te.\u00a0 Chor\u00e9graphe et professeur de danse, elle apporte plus de 20 ans d\u2019exp\u00e9rience et de charme au cabaret. Passionn\u00e9e par le style Afro Jazz, inspir\u00e9 de la danse africaine, Latika apporte \u00e0&hellip; <br \/> <a class=\"read-more\" href=\"https:\/\/freebirdcabaretburlesque.com\/index.php\/les-artistes\/latika\/\">Lire la suite<\/a><\/p>\n","protected":false},"author":2,"featured_media":4914,"parent":123,"menu_order":7,"comment_status":"closed","ping_status":"closed","template":"","meta":{"_eb_attr":"","footnotes":""},"class_list":["post-145","page","type-page","status-publish","has-post-thumbnail","hentry"],"yoast_head":"<!-- This site is optimized with the Yoast SEO plugin v27.4 - https:\/\/yoast.com\/product\/yoast-seo-wordpress\/ -->\n<title>Latika - Free Bird Cabaret Burlesque<\/title>\n<meta name=\"description\" content=\"D\u00e9couvrez l&#039;artiste Latika, son histoire, ses actes et son r\u00f4le dans la troupe du Free Bird Cabaret Burlesque %\" \/>\n<meta name=\"robots\" content=\"index, follow, max-snippet:-1, max-image-preview:large, max-video-preview:-1\" \/>\n<link rel=\"canonical\" href=\"https:\/\/freebirdcabaretburlesque.com\/index.php\/les-artistes\/latika\/\" \/>\n<meta property=\"og:locale\" content=\"fr_FR\" \/>\n<meta property=\"og:type\" content=\"article\" \/>\n<meta property=\"og:title\" content=\"Latika Artiste\" \/>\n<meta property=\"og:description\" content=\"D\u00e9couvrez l&#039;artiste Latika, son histoire, ses actes et son r\u00f4le dans la troupe du Free Bird Cabaret Burlesque %\" \/>\n<meta property=\"og:url\" content=\"https:\/\/freebirdcabaretburlesque.com\/index.php\/les-artistes\/latika\/\" \/>\n<meta property=\"og:site_name\" content=\"Free Bird Cabaret Burlesque\" \/>\n<meta property=\"article:publisher\" content=\"https:\/\/www.facebook.com\/FreeBirdCabaretBurlesque\" \/>\n<meta property=\"article:modified_time\" content=\"2024-07-03T11:49:41+00:00\" \/>\n<meta property=\"og:image\" content=\"https:\/\/freebirdcabaretburlesque.com\/wp-content\/uploads\/2024\/07\/AlainScherer_FreeBird_20220625_150_web.jpg\" \/>\n\t<meta property=\"og:image:width\" content=\"1920\" \/>\n\t<meta property=\"og:image:height\" content=\"1280\" \/>\n\t<meta property=\"og:image:type\" content=\"image\/jpeg\" \/>\n<meta name=\"twitter:card\" content=\"summary_large_image\" \/>\n<meta name=\"twitter:title\" content=\"Latika Artiste\" \/>\n<meta name=\"twitter:description\" content=\"D\u00e9couvrez l&#039;artiste Latika, son histoire, ses actes et son r\u00f4le dans la troupe du Free Bird Cabaret Burlesque %\" \/>\n<meta name=\"twitter:image\" content=\"https:\/\/freebirdcabaretburlesque.com\/wp-content\/uploads\/2024\/07\/AlainScherer_FreeBird_20220625_150_web.jpg\" \/>\n<meta name=\"twitter:label1\" content=\"Dur\u00e9e de lecture estim\u00e9e\" \/>\n\t<meta name=\"twitter:data1\" content=\"1 minute\" \/>\n<script type=\"application\/ld+json\" class=\"yoast-schema-graph\">{\"@context\":\"https:\\\/\\\/schema.org\",\"@graph\":[{\"@type\":\"WebPage\",\"@id\":\"https:\\\/\\\/freebirdcabaretburlesque.com\\\/index.php\\\/les-artistes\\\/latika\\\/\",\"url\":\"https:\\\/\\\/freebirdcabaretburlesque.com\\\/index.php\\\/les-artistes\\\/latika\\\/\",\"name\":\"Latika - Free Bird Cabaret Burlesque\",\"isPartOf\":{\"@id\":\"https:\\\/\\\/freebirdcabaretburlesque.com\\\/#website\"},\"primaryImageOfPage\":{\"@id\":\"https:\\\/\\\/freebirdcabaretburlesque.com\\\/index.php\\\/les-artistes\\\/latika\\\/#primaryimage\"},\"image\":{\"@id\":\"https:\\\/\\\/freebirdcabaretburlesque.com\\\/index.php\\\/les-artistes\\\/latika\\\/#primaryimage\"},\"thumbnailUrl\":\"https:\\\/\\\/freebirdcabaretburlesque.com\\\/wp-content\\\/uploads\\\/2024\\\/07\\\/AlainScherer_FreeBird_20220625_150_web.jpg\",\"datePublished\":\"2022-01-13T10:26:31+00:00\",\"dateModified\":\"2024-07-03T11:49:41+00:00\",\"description\":\"D\u00e9couvrez l'artiste Latika, son histoire, ses actes et son r\u00f4le dans la troupe du Free Bird Cabaret Burlesque %\",\"breadcrumb\":{\"@id\":\"https:\\\/\\\/freebirdcabaretburlesque.com\\\/index.php\\\/les-artistes\\\/latika\\\/#breadcrumb\"},\"inLanguage\":\"fr-FR\",\"potentialAction\":[{\"@type\":\"ReadAction\",\"target\":[\"https:\\\/\\\/freebirdcabaretburlesque.com\\\/index.php\\\/les-artistes\\\/latika\\\/\"]}]},{\"@type\":\"ImageObject\",\"inLanguage\":\"fr-FR\",\"@id\":\"https:\\\/\\\/freebirdcabaretburlesque.com\\\/index.php\\\/les-artistes\\\/latika\\\/#primaryimage\",\"url\":\"https:\\\/\\\/freebirdcabaretburlesque.com\\\/wp-content\\\/uploads\\\/2024\\\/07\\\/AlainScherer_FreeBird_20220625_150_web.jpg\",\"contentUrl\":\"https:\\\/\\\/freebirdcabaretburlesque.com\\\/wp-content\\\/uploads\\\/2024\\\/07\\\/AlainScherer_FreeBird_20220625_150_web.jpg\",\"width\":1920,\"height\":1280},{\"@type\":\"BreadcrumbList\",\"@id\":\"https:\\\/\\\/freebirdcabaretburlesque.com\\\/index.php\\\/les-artistes\\\/latika\\\/#breadcrumb\",\"itemListElement\":[{\"@type\":\"ListItem\",\"position\":1,\"name\":\"Accueil\",\"item\":\"https:\\\/\\\/freebirdcabaretburlesque.com\\\/\"},{\"@type\":\"ListItem\",\"position\":2,\"name\":\"Les Artistes\",\"item\":\"https:\\\/\\\/freebirdcabaretburlesque.com\\\/index.php\\\/les-artistes\\\/\"},{\"@type\":\"ListItem\",\"position\":3,\"name\":\"Latika\"}]},{\"@type\":\"WebSite\",\"@id\":\"https:\\\/\\\/freebirdcabaretburlesque.com\\\/#website\",\"url\":\"https:\\\/\\\/freebirdcabaretburlesque.com\\\/\",\"name\":\"Free Bird Cabaret Burlesque\",\"description\":\"Un collectif d&#039;oiseaux libres qui sublime le Burlesque en Occitanie \ud83d\udc26\",\"publisher\":{\"@id\":\"https:\\\/\\\/freebirdcabaretburlesque.com\\\/#organization\"},\"alternateName\":\"FBCB\",\"potentialAction\":[{\"@type\":\"SearchAction\",\"target\":{\"@type\":\"EntryPoint\",\"urlTemplate\":\"https:\\\/\\\/freebirdcabaretburlesque.com\\\/?s={search_term_string}\"},\"query-input\":{\"@type\":\"PropertyValueSpecification\",\"valueRequired\":true,\"valueName\":\"search_term_string\"}}],\"inLanguage\":\"fr-FR\"},{\"@type\":\"Organization\",\"@id\":\"https:\\\/\\\/freebirdcabaretburlesque.com\\\/#organization\",\"name\":\"Free Bird Cabaret Burlesque\",\"alternateName\":\"FBCB\",\"url\":\"https:\\\/\\\/freebirdcabaretburlesque.com\\\/\",\"logo\":{\"@type\":\"ImageObject\",\"inLanguage\":\"fr-FR\",\"@id\":\"https:\\\/\\\/freebirdcabaretburlesque.com\\\/#\\\/schema\\\/logo\\\/image\\\/\",\"url\":\"https:\\\/\\\/freebirdcabaretburlesque.com\\\/wp-content\\\/uploads\\\/2021\\\/12\\\/logoFreeBird-RVB-DER-Copy.png\",\"contentUrl\":\"https:\\\/\\\/freebirdcabaretburlesque.com\\\/wp-content\\\/uploads\\\/2021\\\/12\\\/logoFreeBird-RVB-DER-Copy.png\",\"width\":1023,\"height\":975,\"caption\":\"Free Bird Cabaret Burlesque\"},\"image\":{\"@id\":\"https:\\\/\\\/freebirdcabaretburlesque.com\\\/#\\\/schema\\\/logo\\\/image\\\/\"},\"sameAs\":[\"https:\\\/\\\/www.facebook.com\\\/FreeBirdCabaretBurlesque\",\"https:\\\/\\\/instagram.com\\\/freebirdcabaretburlesque\",\"https:\\\/\\\/www.helloasso.com\\\/associations\\\/free-bird-cabaret-burlesque\",\"https:\\\/\\\/www.linkedin.com\\\/company\\\/free-bird-cabaret-burlesque\\\/\"]}]}<\/script>\n<!-- \/ Yoast SEO plugin. -->","yoast_head_json":{"title":"Latika - Free Bird Cabaret Burlesque","description":"D\u00e9couvrez l'artiste Latika, son histoire, ses actes et son r\u00f4le dans la troupe du Free Bird Cabaret Burlesque %","robots":{"index":"index","follow":"follow","max-snippet":"max-snippet:-1","max-image-preview":"max-image-preview:large","max-video-preview":"max-video-preview:-1"},"canonical":"https:\/\/freebirdcabaretburlesque.com\/index.php\/les-artistes\/latika\/","og_locale":"fr_FR","og_type":"article","og_title":"Latika Artiste","og_description":"D\u00e9couvrez l'artiste Latika, son histoire, ses actes et son r\u00f4le dans la troupe du Free Bird Cabaret Burlesque %","og_url":"https:\/\/freebirdcabaretburlesque.com\/index.php\/les-artistes\/latika\/","og_site_name":"Free Bird Cabaret Burlesque","article_publisher":"https:\/\/www.facebook.com\/FreeBirdCabaretBurlesque","article_modified_time":"2024-07-03T11:49:41+00:00","og_image":[{"width":1920,"height":1280,"url":"https:\/\/freebirdcabaretburlesque.com\/wp-content\/uploads\/2024\/07\/AlainScherer_FreeBird_20220625_150_web.jpg","type":"image\/jpeg"}],"twitter_card":"summary_large_image","twitter_title":"Latika Artiste","twitter_description":"D\u00e9couvrez l'artiste Latika, son histoire, ses actes et son r\u00f4le dans la troupe du Free Bird Cabaret Burlesque %","twitter_image":"https:\/\/freebirdcabaretburlesque.com\/wp-content\/uploads\/2024\/07\/AlainScherer_FreeBird_20220625_150_web.jpg","twitter_misc":{"Dur\u00e9e de lecture estim\u00e9e":"1 minute"},"schema":{"@context":"https:\/\/schema.org","@graph":[{"@type":"WebPage","@id":"https:\/\/freebirdcabaretburlesque.com\/index.php\/les-artistes\/latika\/","url":"https:\/\/freebirdcabaretburlesque.com\/index.php\/les-artistes\/latika\/","name":"Latika - Free Bird Cabaret Burlesque","isPartOf":{"@id":"https:\/\/freebirdcabaretburlesque.com\/#website"},"primaryImageOfPage":{"@id":"https:\/\/freebirdcabaretburlesque.com\/index.php\/les-artistes\/latika\/#primaryimage"},"image":{"@id":"https:\/\/freebirdcabaretburlesque.com\/index.php\/les-artistes\/latika\/#primaryimage"},"thumbnailUrl":"https:\/\/freebirdcabaretburlesque.com\/wp-content\/uploads\/2024\/07\/AlainScherer_FreeBird_20220625_150_web.jpg","datePublished":"2022-01-13T10:26:31+00:00","dateModified":"2024-07-03T11:49:41+00:00","description":"D\u00e9couvrez l'artiste Latika, son histoire, ses actes et son r\u00f4le dans la troupe du Free Bird Cabaret Burlesque %","breadcrumb":{"@id":"https:\/\/freebirdcabaretburlesque.com\/index.php\/les-artistes\/latika\/#breadcrumb"},"inLanguage":"fr-FR","potentialAction":[{"@type":"ReadAction","target":["https:\/\/freebirdcabaretburlesque.com\/index.php\/les-artistes\/latika\/"]}]},{"@type":"ImageObject","inLanguage":"fr-FR","@id":"https:\/\/freebirdcabaretburlesque.com\/index.php\/les-artistes\/latika\/#primaryimage","url":"https:\/\/freebirdcabaretburlesque.com\/wp-content\/uploads\/2024\/07\/AlainScherer_FreeBird_20220625_150_web.jpg","contentUrl":"https:\/\/freebirdcabaretburlesque.com\/wp-content\/uploads\/2024\/07\/AlainScherer_FreeBird_20220625_150_web.jpg","width":1920,"height":1280},{"@type":"BreadcrumbList","@id":"https:\/\/freebirdcabaretburlesque.com\/index.php\/les-artistes\/latika\/#breadcrumb","itemListElement":[{"@type":"ListItem","position":1,"name":"Accueil","item":"https:\/\/freebirdcabaretburlesque.com\/"},{"@type":"ListItem","position":2,"name":"Les Artistes","item":"https:\/\/freebirdcabaretburlesque.com\/index.php\/les-artistes\/"},{"@type":"ListItem","position":3,"name":"Latika"}]},{"@type":"WebSite","@id":"https:\/\/freebirdcabaretburlesque.com\/#website","url":"https:\/\/freebirdcabaretburlesque.com\/","name":"Free Bird Cabaret Burlesque","description":"Un collectif d&#039;oiseaux libres qui sublime le Burlesque en Occitanie \ud83d\udc26","publisher":{"@id":"https:\/\/freebirdcabaretburlesque.com\/#organization"},"alternateName":"FBCB","potentialAction":[{"@type":"SearchAction","target":{"@type":"EntryPoint","urlTemplate":"https:\/\/freebirdcabaretburlesque.com\/?s={search_term_string}"},"query-input":{"@type":"PropertyValueSpecification","valueRequired":true,"valueName":"search_term_string"}}],"inLanguage":"fr-FR"},{"@type":"Organization","@id":"https:\/\/freebirdcabaretburlesque.com\/#organization","name":"Free Bird Cabaret Burlesque","alternateName":"FBCB","url":"https:\/\/freebirdcabaretburlesque.com\/","logo":{"@type":"ImageObject","inLanguage":"fr-FR","@id":"https:\/\/freebirdcabaretburlesque.com\/#\/schema\/logo\/image\/","url":"https:\/\/freebirdcabaretburlesque.com\/wp-content\/uploads\/2021\/12\/logoFreeBird-RVB-DER-Copy.png","contentUrl":"https:\/\/freebirdcabaretburlesque.com\/wp-content\/uploads\/2021\/12\/logoFreeBird-RVB-DER-Copy.png","width":1023,"height":975,"caption":"Free Bird Cabaret Burlesque"},"image":{"@id":"https:\/\/freebirdcabaretburlesque.com\/#\/schema\/logo\/image\/"},"sameAs":["https:\/\/www.facebook.com\/FreeBirdCabaretBurlesque","https:\/\/instagram.com\/freebirdcabaretburlesque","https:\/\/www.helloasso.com\/associations\/free-bird-cabaret-burlesque","https:\/\/www.linkedin.com\/company\/free-bird-cabaret-burlesque\/"]}]}},"_links":{"self":[{"href":"https:\/\/freebirdcabaretburlesque.com\/index.php\/wp-json\/wp\/v2\/pages\/145","targetHints":{"allow":["GET"]}}],"collection":[{"href":"https:\/\/freebirdcabaretburlesque.com\/index.php\/wp-json\/wp\/v2\/pages"}],"about":[{"href":"https:\/\/freebirdcabaretburlesque.com\/index.php\/wp-json\/wp\/v2\/types\/page"}],"author":[{"embeddable":true,"href":"https:\/\/freebirdcabaretburlesque.com\/index.php\/wp-json\/wp\/v2\/users\/2"}],"replies":[{"embeddable":true,"href":"https:\/\/freebirdcabaretburlesque.com\/index.php\/wp-json\/wp\/v2\/comments?post=145"}],"version-history":[{"count":0,"href":"https:\/\/freebirdcabaretburlesque.com\/index.php\/wp-json\/wp\/v2\/pages\/145\/revisions"}],"up":[{"embeddable":true,"href":"https:\/\/freebirdcabaretburlesque.com\/index.php\/wp-json\/wp\/v2\/pages\/123"}],"wp:featuredmedia":[{"embeddable":true,"href":"https:\/\/freebirdcabaretburlesque.com\/index.php\/wp-json\/wp\/v2\/media\/4914"}],"wp:attachment":[{"href":"https:\/\/freebirdcabaretburlesque.com\/index.php\/wp-json\/wp\/v2\/media?parent=145"}],"curies":[{"name":"wp","href":"https:\/\/api.w.org\/{rel}","templated":true}]}}