{"id":4918,"date":"2024-07-02T18:31:44","date_gmt":"2024-07-02T16:31:44","guid":{"rendered":"https:\/\/freebirdcabaretburlesque.com\/?page_id=4918"},"modified":"2024-07-03T13:49:36","modified_gmt":"2024-07-03T11:49:36","slug":"lucario","status":"publish","type":"page","link":"https:\/\/freebirdcabaretburlesque.com\/index.php\/les-artistes\/lucario\/","title":{"rendered":"Lucario"},"content":{"rendered":"\t\t<div data-elementor-type=\"wp-page\" data-elementor-id=\"4918\" class=\"elementor elementor-4918\" data-elementor-post-type=\"page\">\n\t\t\t\t\t\t<section class=\"elementor-section elementor-top-section elementor-element elementor-element-191a002 elementor-section-full_width elementor-section-height-full elementor-section-items-top elementor-section-content-top elementor-section-stretched elementor-section-height-default\" data-id=\"191a002\" data-element_type=\"section\" data-e-type=\"section\" data-settings=\"{&quot;stretch_section&quot;:&quot;section-stretched&quot;,&quot;background_background&quot;:&quot;slideshow&quot;,&quot;background_slideshow_gallery&quot;:[{&quot;id&quot;:4924,&quot;url&quot;:&quot;https:\\\/\\\/freebirdcabaretburlesque.com\\\/wp-content\\\/uploads\\\/2024\\\/07\\\/NymphLucas-1.jpg&quot;},{&quot;id&quot;:4923,&quot;url&quot;:&quot;https:\\\/\\\/freebirdcabaretburlesque.com\\\/wp-content\\\/uploads\\\/2024\\\/07\\\/Cuchara-de-Bella-02-April-2023-20-scaled.jpg&quot;},{&quot;id&quot;:4925,&quot;url&quot;:&quot;https:\\\/\\\/freebirdcabaretburlesque.com\\\/wp-content\\\/uploads\\\/2024\\\/07\\\/NymphLucas-4.jpg&quot;}],&quot;background_slideshow_slide_duration&quot;:10000,&quot;background_slideshow_ken_burns&quot;:&quot;yes&quot;,&quot;background_slideshow_lazyload&quot;:&quot;yes&quot;,&quot;background_slideshow_loop&quot;:&quot;yes&quot;,&quot;background_slideshow_slide_transition&quot;:&quot;fade&quot;,&quot;background_slideshow_transition_duration&quot;:500,&quot;background_slideshow_ken_burns_zoom_direction&quot;:&quot;in&quot;}\">\n\t\t\t\t\t\t\t<div class=\"elementor-background-overlay\"><\/div>\n\t\t\t\t\t\t\t<div class=\"elementor-container elementor-column-gap-default\">\n\t\t\t\t\t<div class=\"elementor-column elementor-col-50 elementor-top-column elementor-element elementor-element-d96be81\" data-id=\"d96be81\" data-element_type=\"column\" data-e-type=\"column\" data-settings=\"{&quot;background_background&quot;:&quot;classic&quot;}\">\n\t\t\t<div class=\"elementor-widget-wrap elementor-element-populated\">\n\t\t\t\t\t\t<div class=\"elementor-element elementor-element-bcba59c elementor-widget elementor-widget-heading\" data-id=\"bcba59c\" data-element_type=\"widget\" data-e-type=\"widget\" data-widget_type=\"heading.default\">\n\t\t\t\t<div class=\"elementor-widget-container\">\n\t\t\t\t\t<h3 class=\"elementor-heading-title elementor-size-default\">Lucario<\/h3>\t\t\t\t<\/div>\n\t\t\t\t<\/div>\n\t\t\t\t<div class=\"elementor-element elementor-element-ffe567b elementor-widget elementor-widget-text-editor\" data-id=\"ffe567b\" data-element_type=\"widget\" data-e-type=\"widget\" data-widget_type=\"text-editor.default\">\n\t\t\t\t<div class=\"elementor-widget-container\">\n\t\t\t\t\t\t\t\t\t<p>V\u00e9ritable ph\u00e9nom\u00e8ne du cirque Barcelonais, <strong>Lucario<\/strong> ou <strong>Lucas Cantero<\/strong> est l&rsquo;atout charmeur de la troupe et de ses dames !<\/p><p>C&rsquo;est en 2023 qu&rsquo;il contact la troupe suite \u00e0 une date partag\u00e9e \u00e0 la<strong> Cucharra de Bella <\/strong>afin de m\u00ealer ses comp\u00e9tences \u00e0 l&rsquo;art du burlesque.<\/p><p>Vous le verrez rarement rester au niveau du sol !<\/p>\t\t\t\t\t\t\t\t<\/div>\n\t\t\t\t<\/div>\n\t\t\t\t<div class=\"elementor-element elementor-element-cc6f7f5 e-grid-align-left elementor-shape-rounded elementor-grid-0 elementor-widget elementor-widget-social-icons\" data-id=\"cc6f7f5\" data-element_type=\"widget\" data-e-type=\"widget\" data-widget_type=\"social-icons.default\">\n\t\t\t\t<div class=\"elementor-widget-container\">\n\t\t\t\t\t\t\t<div class=\"elementor-social-icons-wrapper elementor-grid\">\n\t\t\t\t\t\t\t<span class=\"elementor-grid-item\">\n\t\t\t\t\t<a class=\"elementor-icon elementor-social-icon elementor-social-icon-instagram elementor-animation-pulse-grow elementor-repeater-item-92e5a57\" href=\"https:\/\/www.instagram.com\/lucario.artist\/?hl=fr\" target=\"_blank\">\n\t\t\t\t\t\t<span class=\"elementor-screen-only\">Instagram<\/span>\n\t\t\t\t\t\t<svg aria-hidden=\"true\" class=\"e-font-icon-svg e-fab-instagram\" viewBox=\"0 0 448 512\" xmlns=\"http:\/\/www.w3.org\/2000\/svg\"><path d=\"M224.1 141c-63.6 0-114.9 51.3-114.9 114.9s51.3 114.9 114.9 114.9S339 319.5 339 255.9 287.7 141 224.1 141zm0 189.6c-41.1 0-74.7-33.5-74.7-74.7s33.5-74.7 74.7-74.7 74.7 33.5 74.7 74.7-33.6 74.7-74.7 74.7zm146.4-194.3c0 14.9-12 26.8-26.8 26.8-14.9 0-26.8-12-26.8-26.8s12-26.8 26.8-26.8 26.8 12 26.8 26.8zm76.1 27.2c-1.7-35.9-9.9-67.7-36.2-93.9-26.2-26.2-58-34.4-93.9-36.2-37-2.1-147.9-2.1-184.9 0-35.8 1.7-67.6 9.9-93.9 36.1s-34.4 58-36.2 93.9c-2.1 37-2.1 147.9 0 184.9 1.7 35.9 9.9 67.7 36.2 93.9s58 34.4 93.9 36.2c37 2.1 147.9 2.1 184.9 0 35.9-1.7 67.7-9.9 93.9-36.2 26.2-26.2 34.4-58 36.2-93.9 2.1-37 2.1-147.8 0-184.8zM398.8 388c-7.8 19.6-22.9 34.7-42.6 42.6-29.5 11.7-99.5 9-132.1 9s-102.7 2.6-132.1-9c-19.6-7.8-34.7-22.9-42.6-42.6-11.7-29.5-9-99.5-9-132.1s-2.6-102.7 9-132.1c7.8-19.6 22.9-34.7 42.6-42.6 29.5-11.7 99.5-9 132.1-9s102.7-2.6 132.1 9c19.6 7.8 34.7 22.9 42.6 42.6 11.7 29.5 9 99.5 9 132.1s2.7 102.7-9 132.1z\"><\/path><\/svg>\t\t\t\t\t<\/a>\n\t\t\t\t<\/span>\n\t\t\t\t\t<\/div>\n\t\t\t\t\t\t<\/div>\n\t\t\t\t<\/div>\n\t\t\t\t\t<\/div>\n\t\t<\/div>\n\t\t\t\t<div class=\"elementor-column elementor-col-50 elementor-top-column elementor-element elementor-element-897f2a1\" data-id=\"897f2a1\" data-element_type=\"column\" data-e-type=\"column\">\n\t\t\t<div class=\"elementor-widget-wrap\">\n\t\t\t\t\t\t\t<\/div>\n\t\t<\/div>\n\t\t\t\t\t<\/div>\n\t\t<\/section>\n\t\t\t\t<section class=\"elementor-section elementor-top-section elementor-element elementor-element-a7125b4 elementor-section-full_width elementor-section-height-min-height elementor-section-items-top elementor-section-content-top elementor-section-stretched elementor-section-height-default\" data-id=\"a7125b4\" data-element_type=\"section\" data-e-type=\"section\" data-settings=\"{&quot;stretch_section&quot;:&quot;section-stretched&quot;}\">\n\t\t\t\t\t\t<div class=\"elementor-container elementor-column-gap-default\">\n\t\t\t\t\t<div class=\"elementor-column elementor-col-50 elementor-top-column elementor-element elementor-element-3cac6c4\" data-id=\"3cac6c4\" data-element_type=\"column\" data-e-type=\"column\">\n\t\t\t<div class=\"elementor-widget-wrap elementor-element-populated\">\n\t\t\t\t\t\t<div class=\"elementor-element elementor-element-8931da0 elementor-widget elementor-widget-video\" data-id=\"8931da0\" data-element_type=\"widget\" data-e-type=\"widget\" data-settings=\"{&quot;youtube_url&quot;:&quot;https:\\\/\\\/youtu.be\\\/y7YiaCGhHK8&quot;,&quot;video_type&quot;:&quot;youtube&quot;,&quot;controls&quot;:&quot;yes&quot;}\" data-widget_type=\"video.default\">\n\t\t\t\t<div class=\"elementor-widget-container\">\n\t\t\t\t\t\t\t<div class=\"elementor-wrapper elementor-open-inline\">\n\t\t\t<div class=\"elementor-video\"><\/div>\t\t<\/div>\n\t\t\t\t\t\t<\/div>\n\t\t\t\t<\/div>\n\t\t\t\t\t<\/div>\n\t\t<\/div>\n\t\t\t\t<div class=\"elementor-column elementor-col-50 elementor-top-column elementor-element elementor-element-76635cb\" data-id=\"76635cb\" data-element_type=\"column\" data-e-type=\"column\">\n\t\t\t<div class=\"elementor-widget-wrap elementor-element-populated\">\n\t\t\t\t\t\t<div class=\"elementor-element elementor-element-5036eb9 elementor-widget elementor-widget-video\" data-id=\"5036eb9\" data-element_type=\"widget\" data-e-type=\"widget\" data-settings=\"{&quot;youtube_url&quot;:&quot;https:\\\/\\\/youtu.be\\\/fVbHuKo84Yg&quot;,&quot;video_type&quot;:&quot;youtube&quot;,&quot;controls&quot;:&quot;yes&quot;}\" data-widget_type=\"video.default\">\n\t\t\t\t<div class=\"elementor-widget-container\">\n\t\t\t\t\t\t\t<div class=\"elementor-wrapper elementor-open-inline\">\n\t\t\t<div class=\"elementor-video\"><\/div>\t\t<\/div>\n\t\t\t\t\t\t<\/div>\n\t\t\t\t<\/div>\n\t\t\t\t\t<\/div>\n\t\t<\/div>\n\t\t\t\t\t<\/div>\n\t\t<\/section>\n\t\t\t\t<\/div>\n\t\t","protected":false},"excerpt":{"rendered":"<p>Lucario V\u00e9ritable ph\u00e9nom\u00e8ne du cirque Barcelonais, Lucario ou Lucas Cantero est l&rsquo;atout charmeur de la troupe et de ses dames ! C&rsquo;est en 2023 qu&rsquo;il contact la troupe suite \u00e0 une date partag\u00e9e \u00e0 la Cucharra de Bella afin de m\u00ealer ses comp\u00e9tences \u00e0 l&rsquo;art du burlesque. Vous le verrez rarement rester au niveau du&hellip; <br \/> <a class=\"read-more\" href=\"https:\/\/freebirdcabaretburlesque.com\/index.php\/les-artistes\/lucario\/\">Lire la suite<\/a><\/p>\n","protected":false},"author":2,"featured_media":4921,"parent":123,"menu_order":6,"comment_status":"closed","ping_status":"closed","template":"","meta":{"_eb_attr":"","footnotes":""},"class_list":["post-4918","page","type-page","status-publish","has-post-thumbnail","hentry"],"yoast_head":"<!-- This site is optimized with the Yoast SEO plugin v27.4 - https:\/\/yoast.com\/product\/yoast-seo-wordpress\/ -->\n<title>Lucario - Free Bird Cabaret Burlesque<\/title>\n<meta name=\"description\" content=\"D\u00e9couvrez l&#039;artiste Lucario, son histoire, ses actes et son r\u00f4le dans la troupe du Free Bird Cabaret Burlesque.\" \/>\n<meta name=\"robots\" content=\"index, follow, max-snippet:-1, max-image-preview:large, max-video-preview:-1\" \/>\n<link rel=\"canonical\" href=\"https:\/\/freebirdcabaretburlesque.com\/index.php\/les-artistes\/lucario\/\" \/>\n<meta property=\"og:locale\" content=\"fr_FR\" \/>\n<meta property=\"og:type\" content=\"article\" \/>\n<meta property=\"og:title\" content=\"Lucario Artiste\" \/>\n<meta property=\"og:description\" content=\"D\u00e9couvrez l&#039;artiste Lucario, son histoire, ses actes et son r\u00f4le dans la troupe du Free Bird Cabaret Burlesque.\" \/>\n<meta property=\"og:url\" content=\"https:\/\/freebirdcabaretburlesque.com\/index.php\/les-artistes\/lucario\/\" \/>\n<meta property=\"og:site_name\" content=\"Free Bird Cabaret Burlesque\" \/>\n<meta property=\"article:publisher\" content=\"https:\/\/www.facebook.com\/FreeBirdCabaretBurlesque\" \/>\n<meta property=\"article:modified_time\" content=\"2024-07-03T11:49:36+00:00\" \/>\n<meta property=\"og:image\" content=\"https:\/\/freebirdcabaretburlesque.com\/wp-content\/uploads\/2024\/07\/Cuchara-de-Bella-02-April-2023-20-scaled.jpg\" \/>\n\t<meta property=\"og:image:width\" content=\"2560\" \/>\n\t<meta property=\"og:image:height\" content=\"1920\" \/>\n\t<meta property=\"og:image:type\" content=\"image\/jpeg\" \/>\n<meta name=\"twitter:card\" content=\"summary_large_image\" \/>\n<meta name=\"twitter:title\" content=\"Lucario Artiste\" \/>\n<meta name=\"twitter:description\" content=\"D\u00e9couvrez l&#039;artiste Lucario, son histoire, ses actes et son r\u00f4le dans la troupe du Free Bird Cabaret Burlesque.\" \/>\n<meta name=\"twitter:image\" content=\"https:\/\/freebirdcabaretburlesque.com\/wp-content\/uploads\/2024\/07\/Cuchara-de-Bella-02-April-2023-20-scaled.jpg\" \/>\n<meta name=\"twitter:label1\" content=\"Dur\u00e9e de lecture estim\u00e9e\" \/>\n\t<meta name=\"twitter:data1\" content=\"1 minute\" \/>\n<script type=\"application\/ld+json\" class=\"yoast-schema-graph\">{\"@context\":\"https:\\\/\\\/schema.org\",\"@graph\":[{\"@type\":\"WebPage\",\"@id\":\"https:\\\/\\\/freebirdcabaretburlesque.com\\\/index.php\\\/les-artistes\\\/lucario\\\/\",\"url\":\"https:\\\/\\\/freebirdcabaretburlesque.com\\\/index.php\\\/les-artistes\\\/lucario\\\/\",\"name\":\"Lucario - Free Bird Cabaret Burlesque\",\"isPartOf\":{\"@id\":\"https:\\\/\\\/freebirdcabaretburlesque.com\\\/#website\"},\"primaryImageOfPage\":{\"@id\":\"https:\\\/\\\/freebirdcabaretburlesque.com\\\/index.php\\\/les-artistes\\\/lucario\\\/#primaryimage\"},\"image\":{\"@id\":\"https:\\\/\\\/freebirdcabaretburlesque.com\\\/index.php\\\/les-artistes\\\/lucario\\\/#primaryimage\"},\"thumbnailUrl\":\"https:\\\/\\\/freebirdcabaretburlesque.com\\\/wp-content\\\/uploads\\\/2024\\\/07\\\/DSC05477-Enhanced-NR.jpg\",\"datePublished\":\"2024-07-02T16:31:44+00:00\",\"dateModified\":\"2024-07-03T11:49:36+00:00\",\"description\":\"D\u00e9couvrez l'artiste Lucario, son histoire, ses actes et son r\u00f4le dans la troupe du Free Bird Cabaret Burlesque.\",\"breadcrumb\":{\"@id\":\"https:\\\/\\\/freebirdcabaretburlesque.com\\\/index.php\\\/les-artistes\\\/lucario\\\/#breadcrumb\"},\"inLanguage\":\"fr-FR\",\"potentialAction\":[{\"@type\":\"ReadAction\",\"target\":[\"https:\\\/\\\/freebirdcabaretburlesque.com\\\/index.php\\\/les-artistes\\\/lucario\\\/\"]}]},{\"@type\":\"ImageObject\",\"inLanguage\":\"fr-FR\",\"@id\":\"https:\\\/\\\/freebirdcabaretburlesque.com\\\/index.php\\\/les-artistes\\\/lucario\\\/#primaryimage\",\"url\":\"https:\\\/\\\/freebirdcabaretburlesque.com\\\/wp-content\\\/uploads\\\/2024\\\/07\\\/DSC05477-Enhanced-NR.jpg\",\"contentUrl\":\"https:\\\/\\\/freebirdcabaretburlesque.com\\\/wp-content\\\/uploads\\\/2024\\\/07\\\/DSC05477-Enhanced-NR.jpg\"},{\"@type\":\"BreadcrumbList\",\"@id\":\"https:\\\/\\\/freebirdcabaretburlesque.com\\\/index.php\\\/les-artistes\\\/lucario\\\/#breadcrumb\",\"itemListElement\":[{\"@type\":\"ListItem\",\"position\":1,\"name\":\"Accueil\",\"item\":\"https:\\\/\\\/freebirdcabaretburlesque.com\\\/\"},{\"@type\":\"ListItem\",\"position\":2,\"name\":\"Les Artistes\",\"item\":\"https:\\\/\\\/freebirdcabaretburlesque.com\\\/index.php\\\/les-artistes\\\/\"},{\"@type\":\"ListItem\",\"position\":3,\"name\":\"Lucario\"}]},{\"@type\":\"WebSite\",\"@id\":\"https:\\\/\\\/freebirdcabaretburlesque.com\\\/#website\",\"url\":\"https:\\\/\\\/freebirdcabaretburlesque.com\\\/\",\"name\":\"Free Bird Cabaret Burlesque\",\"description\":\"Un collectif d&#039;oiseaux libres qui sublime le Burlesque en Occitanie \ud83d\udc26\",\"publisher\":{\"@id\":\"https:\\\/\\\/freebirdcabaretburlesque.com\\\/#organization\"},\"alternateName\":\"FBCB\",\"potentialAction\":[{\"@type\":\"SearchAction\",\"target\":{\"@type\":\"EntryPoint\",\"urlTemplate\":\"https:\\\/\\\/freebirdcabaretburlesque.com\\\/?s={search_term_string}\"},\"query-input\":{\"@type\":\"PropertyValueSpecification\",\"valueRequired\":true,\"valueName\":\"search_term_string\"}}],\"inLanguage\":\"fr-FR\"},{\"@type\":\"Organization\",\"@id\":\"https:\\\/\\\/freebirdcabaretburlesque.com\\\/#organization\",\"name\":\"Free Bird Cabaret Burlesque\",\"alternateName\":\"FBCB\",\"url\":\"https:\\\/\\\/freebirdcabaretburlesque.com\\\/\",\"logo\":{\"@type\":\"ImageObject\",\"inLanguage\":\"fr-FR\",\"@id\":\"https:\\\/\\\/freebirdcabaretburlesque.com\\\/#\\\/schema\\\/logo\\\/image\\\/\",\"url\":\"https:\\\/\\\/freebirdcabaretburlesque.com\\\/wp-content\\\/uploads\\\/2021\\\/12\\\/logoFreeBird-RVB-DER-Copy.png\",\"contentUrl\":\"https:\\\/\\\/freebirdcabaretburlesque.com\\\/wp-content\\\/uploads\\\/2021\\\/12\\\/logoFreeBird-RVB-DER-Copy.png\",\"width\":1023,\"height\":975,\"caption\":\"Free Bird Cabaret Burlesque\"},\"image\":{\"@id\":\"https:\\\/\\\/freebirdcabaretburlesque.com\\\/#\\\/schema\\\/logo\\\/image\\\/\"},\"sameAs\":[\"https:\\\/\\\/www.facebook.com\\\/FreeBirdCabaretBurlesque\",\"https:\\\/\\\/instagram.com\\\/freebirdcabaretburlesque\",\"https:\\\/\\\/www.helloasso.com\\\/associations\\\/free-bird-cabaret-burlesque\",\"https:\\\/\\\/www.linkedin.com\\\/company\\\/free-bird-cabaret-burlesque\\\/\"]}]}<\/script>\n<!-- \/ Yoast SEO plugin. -->","yoast_head_json":{"title":"Lucario - Free Bird Cabaret Burlesque","description":"D\u00e9couvrez l'artiste Lucario, son histoire, ses actes et son r\u00f4le dans la troupe du Free Bird Cabaret Burlesque.","robots":{"index":"index","follow":"follow","max-snippet":"max-snippet:-1","max-image-preview":"max-image-preview:large","max-video-preview":"max-video-preview:-1"},"canonical":"https:\/\/freebirdcabaretburlesque.com\/index.php\/les-artistes\/lucario\/","og_locale":"fr_FR","og_type":"article","og_title":"Lucario Artiste","og_description":"D\u00e9couvrez l'artiste Lucario, son histoire, ses actes et son r\u00f4le dans la troupe du Free Bird Cabaret Burlesque.","og_url":"https:\/\/freebirdcabaretburlesque.com\/index.php\/les-artistes\/lucario\/","og_site_name":"Free Bird Cabaret Burlesque","article_publisher":"https:\/\/www.facebook.com\/FreeBirdCabaretBurlesque","article_modified_time":"2024-07-03T11:49:36+00:00","og_image":[{"width":2560,"height":1920,"url":"https:\/\/freebirdcabaretburlesque.com\/wp-content\/uploads\/2024\/07\/Cuchara-de-Bella-02-April-2023-20-scaled.jpg","type":"image\/jpeg"}],"twitter_card":"summary_large_image","twitter_title":"Lucario Artiste","twitter_description":"D\u00e9couvrez l'artiste Lucario, son histoire, ses actes et son r\u00f4le dans la troupe du Free Bird Cabaret Burlesque.","twitter_image":"https:\/\/freebirdcabaretburlesque.com\/wp-content\/uploads\/2024\/07\/Cuchara-de-Bella-02-April-2023-20-scaled.jpg","twitter_misc":{"Dur\u00e9e de lecture estim\u00e9e":"1 minute"},"schema":{"@context":"https:\/\/schema.org","@graph":[{"@type":"WebPage","@id":"https:\/\/freebirdcabaretburlesque.com\/index.php\/les-artistes\/lucario\/","url":"https:\/\/freebirdcabaretburlesque.com\/index.php\/les-artistes\/lucario\/","name":"Lucario - Free Bird Cabaret Burlesque","isPartOf":{"@id":"https:\/\/freebirdcabaretburlesque.com\/#website"},"primaryImageOfPage":{"@id":"https:\/\/freebirdcabaretburlesque.com\/index.php\/les-artistes\/lucario\/#primaryimage"},"image":{"@id":"https:\/\/freebirdcabaretburlesque.com\/index.php\/les-artistes\/lucario\/#primaryimage"},"thumbnailUrl":"https:\/\/freebirdcabaretburlesque.com\/wp-content\/uploads\/2024\/07\/DSC05477-Enhanced-NR.jpg","datePublished":"2024-07-02T16:31:44+00:00","dateModified":"2024-07-03T11:49:36+00:00","description":"D\u00e9couvrez l'artiste Lucario, son histoire, ses actes et son r\u00f4le dans la troupe du Free Bird Cabaret Burlesque.","breadcrumb":{"@id":"https:\/\/freebirdcabaretburlesque.com\/index.php\/les-artistes\/lucario\/#breadcrumb"},"inLanguage":"fr-FR","potentialAction":[{"@type":"ReadAction","target":["https:\/\/freebirdcabaretburlesque.com\/index.php\/les-artistes\/lucario\/"]}]},{"@type":"ImageObject","inLanguage":"fr-FR","@id":"https:\/\/freebirdcabaretburlesque.com\/index.php\/les-artistes\/lucario\/#primaryimage","url":"https:\/\/freebirdcabaretburlesque.com\/wp-content\/uploads\/2024\/07\/DSC05477-Enhanced-NR.jpg","contentUrl":"https:\/\/freebirdcabaretburlesque.com\/wp-content\/uploads\/2024\/07\/DSC05477-Enhanced-NR.jpg"},{"@type":"BreadcrumbList","@id":"https:\/\/freebirdcabaretburlesque.com\/index.php\/les-artistes\/lucario\/#breadcrumb","itemListElement":[{"@type":"ListItem","position":1,"name":"Accueil","item":"https:\/\/freebirdcabaretburlesque.com\/"},{"@type":"ListItem","position":2,"name":"Les Artistes","item":"https:\/\/freebirdcabaretburlesque.com\/index.php\/les-artistes\/"},{"@type":"ListItem","position":3,"name":"Lucario"}]},{"@type":"WebSite","@id":"https:\/\/freebirdcabaretburlesque.com\/#website","url":"https:\/\/freebirdcabaretburlesque.com\/","name":"Free Bird Cabaret Burlesque","description":"Un collectif d&#039;oiseaux libres qui sublime le Burlesque en Occitanie \ud83d\udc26","publisher":{"@id":"https:\/\/freebirdcabaretburlesque.com\/#organization"},"alternateName":"FBCB","potentialAction":[{"@type":"SearchAction","target":{"@type":"EntryPoint","urlTemplate":"https:\/\/freebirdcabaretburlesque.com\/?s={search_term_string}"},"query-input":{"@type":"PropertyValueSpecification","valueRequired":true,"valueName":"search_term_string"}}],"inLanguage":"fr-FR"},{"@type":"Organization","@id":"https:\/\/freebirdcabaretburlesque.com\/#organization","name":"Free Bird Cabaret Burlesque","alternateName":"FBCB","url":"https:\/\/freebirdcabaretburlesque.com\/","logo":{"@type":"ImageObject","inLanguage":"fr-FR","@id":"https:\/\/freebirdcabaretburlesque.com\/#\/schema\/logo\/image\/","url":"https:\/\/freebirdcabaretburlesque.com\/wp-content\/uploads\/2021\/12\/logoFreeBird-RVB-DER-Copy.png","contentUrl":"https:\/\/freebirdcabaretburlesque.com\/wp-content\/uploads\/2021\/12\/logoFreeBird-RVB-DER-Copy.png","width":1023,"height":975,"caption":"Free Bird Cabaret Burlesque"},"image":{"@id":"https:\/\/freebirdcabaretburlesque.com\/#\/schema\/logo\/image\/"},"sameAs":["https:\/\/www.facebook.com\/FreeBirdCabaretBurlesque","https:\/\/instagram.com\/freebirdcabaretburlesque","https:\/\/www.helloasso.com\/associations\/free-bird-cabaret-burlesque","https:\/\/www.linkedin.com\/company\/free-bird-cabaret-burlesque\/"]}]}},"_links":{"self":[{"href":"https:\/\/freebirdcabaretburlesque.com\/index.php\/wp-json\/wp\/v2\/pages\/4918","targetHints":{"allow":["GET"]}}],"collection":[{"href":"https:\/\/freebirdcabaretburlesque.com\/index.php\/wp-json\/wp\/v2\/pages"}],"about":[{"href":"https:\/\/freebirdcabaretburlesque.com\/index.php\/wp-json\/wp\/v2\/types\/page"}],"author":[{"embeddable":true,"href":"https:\/\/freebirdcabaretburlesque.com\/index.php\/wp-json\/wp\/v2\/users\/2"}],"replies":[{"embeddable":true,"href":"https:\/\/freebirdcabaretburlesque.com\/index.php\/wp-json\/wp\/v2\/comments?post=4918"}],"version-history":[{"count":0,"href":"https:\/\/freebirdcabaretburlesque.com\/index.php\/wp-json\/wp\/v2\/pages\/4918\/revisions"}],"up":[{"embeddable":true,"href":"https:\/\/freebirdcabaretburlesque.com\/index.php\/wp-json\/wp\/v2\/pages\/123"}],"wp:featuredmedia":[{"embeddable":true,"href":"https:\/\/freebirdcabaretburlesque.com\/index.php\/wp-json\/wp\/v2\/media\/4921"}],"wp:attachment":[{"href":"https:\/\/freebirdcabaretburlesque.com\/index.php\/wp-json\/wp\/v2\/media?parent=4918"}],"curies":[{"name":"wp","href":"https:\/\/api.w.org\/{rel}","templated":true}]}}